{"id":2450,"date":"2026-02-05T13:38:28","date_gmt":"2026-02-05T13:38:28","guid":{"rendered":"https:\/\/www.lesvelosdelabaie.bzh\/contact\/"},"modified":"2026-02-23T21:20:47","modified_gmt":"2026-02-23T21:20:47","slug":"contact","status":"publish","type":"page","link":"https:\/\/www.lesvelosdelabaie.bzh\/en\/contact\/","title":{"rendered":"Contact"},"content":{"rendered":"\t\t<div data-elementor-type=\"wp-page\" data-elementor-id=\"2450\" class=\"elementor elementor-2450 elementor-1952\">\n\t\t\t\t\t\t<div class=\"elementor-section elementor-top-section elementor-element elementor-element-6f32c745 elementor-section-full_width elementor-section-height-default elementor-section-height-default\" data-id=\"6f32c745\" data-element_type=\"section\" data-e-type=\"section\">\n\t\t\t\t\t\t<div class=\"elementor-container elementor-column-gap-no\">\n\t\t\t\t\t<div class=\"elementor-column elementor-col-100 elementor-top-column elementor-element elementor-element-9b6897f\" data-id=\"9b6897f\" data-element_type=\"column\" data-e-type=\"column\">\n\t\t\t<div class=\"elementor-widget-wrap elementor-element-populated\">\n\t\t\t\t\t\t<div class=\"elementor-element elementor-element-2cce8120 elementor-widget elementor-widget-Eura_Contact\" data-id=\"2cce8120\" data-element_type=\"widget\" data-e-type=\"widget\" data-widget_type=\"Eura_Contact.default\">\n\t\t\t\t<div class=\"elementor-widget-container\">\n\t\t\t\t\t\r\n        <!-- Contact Section start -->\r\n        <div class=\"container ptb-150\">\r\n            <div class=\"row\">\r\n                <div class=\"col-xxl-8 col-lg-7 pe-xxl-3\">\r\n                    <div class=\"contact-box style-one\">\r\n                        <div class=\"section-title\">\r\n                                                            <h2 class=\"mb-30\">CONTACT US<\/h2>\r\n                                                    <\/div>\r\n                        <div class=\"contact-form\">\r\n                            \n<div class=\"wpcf7 no-js\" id=\"wpcf7-f2489-o1\" lang=\"en-US\" dir=\"ltr\" data-wpcf7-id=\"2489\">\n<div class=\"screen-reader-response\"><p role=\"status\" aria-live=\"polite\" aria-atomic=\"true\"><\/p> <ul><\/ul><\/div>\n<form action=\"\/en\/wp-json\/wp\/v2\/pages\/2450#wpcf7-f2489-o1\" method=\"post\" class=\"wpcf7-form init\" aria-label=\"Contact form\" novalidate=\"novalidate\" data-status=\"init\">\n<fieldset class=\"hidden-fields-container\"><input type=\"hidden\" name=\"_wpcf7\" value=\"2489\" \/><input type=\"hidden\" name=\"_wpcf7_version\" value=\"6.1.5\" \/><input type=\"hidden\" name=\"_wpcf7_locale\" value=\"en_US\" \/><input type=\"hidden\" name=\"_wpcf7_unit_tag\" value=\"wpcf7-f2489-o1\" \/><input type=\"hidden\" name=\"_wpcf7_container_post\" value=\"0\" \/><input type=\"hidden\" name=\"_wpcf7_posted_data_hash\" value=\"\" \/>\n<\/fieldset>\n<div class=\"row\">\n\t<div class=\"col-md-6\">\n\t\t<div class=\"form-group\">\n\t\t\t<p><label class=\"text-title fw-medium\">Full name<\/label><br \/>\n<span class=\"wpcf7-form-control-wrap\" data-name=\"your-name\"><input size=\"40\" maxlength=\"400\" class=\"wpcf7-form-control wpcf7-text wpcf7-validates-as-required form-control\" aria-required=\"true\" aria-invalid=\"false\" placeholder=\"Your name\" value=\"\" type=\"text\" name=\"your-name\" \/><\/span>\n\t\t\t<\/p>\n\t\t<\/div>\n\t<\/div>\n\t<div class=\"col-md-6\">\n\t\t<div class=\"form-group\">\n\t\t\t<p><label class=\"text-title fw-medium\">Email<\/label><br \/>\n<span class=\"wpcf7-form-control-wrap\" data-name=\"mail\"><input size=\"40\" maxlength=\"400\" class=\"wpcf7-form-control wpcf7-email wpcf7-validates-as-required wpcf7-text wpcf7-validates-as-email form-control\" aria-required=\"true\" aria-invalid=\"false\" placeholder=\"Your email\" value=\"\" type=\"email\" name=\"mail\" \/><\/span>\n\t\t\t<\/p>\n\t\t<\/div>\n\t<\/div>\n\t<div class=\"col-md-6\">\n\t\t<div class=\"form-group\">\n\t\t\t<p><label class=\"text-title fw-medium\">Phone<\/label><br \/>\n<span class=\"wpcf7-form-control-wrap\" data-name=\"number\"><input class=\"wpcf7-form-control wpcf7-number wpcf7-validates-as-required wpcf7-validates-as-number form-control\" aria-required=\"true\" aria-invalid=\"false\" placeholder=\"Your phone number\" value=\"\" type=\"number\" name=\"number\" \/><\/span>\n\t\t\t<\/p>\n\t\t<\/div>\n\t<\/div>\n\t<div class=\"col-lg-12\">\n\t\t<div class=\"form-group\">\n\t\t\t<p><label class=\"text-title fw-medium\">Message<\/label><br \/>\n<span class=\"wpcf7-form-control-wrap\" data-name=\"messages\"><textarea cols=\"40\" rows=\"10\" maxlength=\"2000\" class=\"wpcf7-form-control wpcf7-textarea wpcf7-validates-as-required form-control\" aria-required=\"true\" aria-invalid=\"false\" placeholder=\"I\u2019m looking for...\" name=\"messages\"><\/textarea><\/span>\n\t\t\t<\/p>\n\t\t<\/div>\n\t<\/div>\n\t<div class=\"col-md-12\">\n\t\t<div class=\"form-group inputbox\">\n\t\t\t<p><span class=\"wpcf7-form-control-wrap\" data-name=\"check\"><span class=\"wpcf7-form-control wpcf7-checkbox wpcf7-validates-as-required form-check-input\"><span class=\"wpcf7-list-item first last\"><label><input type=\"checkbox\" name=\"check[]\" value=\"I accept the terms and conditions and the privacy policy\" \/><span class=\"wpcf7-list-item-label\">I accept the terms and conditions and the privacy policy<\/span><\/label><\/span><\/span><\/span>\n\t\t\t<\/p>\n\t\t<\/div>\n\t<\/div>\n\t<div class=\"col-md-12\">\n\t\t<p><button class=\"btn style-one\" type=\"submit\">Send<i class=\"ri-arrow-right-line\"><\/i><\/button>\n\t\t<\/p>\n\t<\/div>\n<\/div><div class=\"wpcf7-response-output\" aria-hidden=\"true\"><\/div>\n<\/form>\n<\/div>\n                        <\/div>\r\n                    <\/div>\r\n                <\/div>\r\n                <div class=\"col-xxl-4 col-lg-5\">\r\n                    <div class=\"contact-info-wrap\">\r\n                        <div class=\"section-title mb-30\">\r\n                                                                                <\/div>\r\n                        <div class=\"contact-item-wrap\">\r\n                            <div class=\"contact-item\">\r\n                                                                    <h2>\r\n                                        <span class=\"d-flex flex-column align-items-center justify-content-center rounded-circle\">\r\n                                                                                            <i class=\"ri-phone-fill\"><\/i>\r\n                                             \r\n                                        <\/span>\r\n                                        Call us                                    <\/h2>\r\n                                 \r\n                                <ul class=\"list-unstyle\">\r\n                                    <li class=\"position-relative fw-bold\"><a href=\"tel:+33618436108\">+33618436108<\/a><\/li>\r\n                                    <li class=\"position-relative fw-bold\"><a href=\"tel:\"><\/a><\/li>\r\n                                <\/ul>\r\n                            <\/div>\r\n                            <div class=\"contact-item\">\r\n                                                                    <h2>\r\n                                        <span class=\"d-flex flex-column align-items-center justify-content-center rounded-circle\">\r\n                                                                                            <i class=\"ri-message-2-fill\"><\/i>\r\n                                                                                    <\/span>\r\n                                        Email                                    <\/h2>\r\n                                 \r\n                                <ul class=\"list-unstyle\">\r\n                                    <li class=\"position-relative fw-bold\"><a href=\"mailto:contact@lesvelosdelabaie.bzh\">contact@lesvelosdelabaie.bzh<\/a><\/li>\r\n                                    <li class=\"position-relative fw-bold\"><a href=\"mailto:\"><\/a><\/li>\r\n                                <\/ul>\r\n                            <\/div>\r\n                            <div class=\"contact-item\">\r\n                                                                    <h2>\r\n                                        <span class=\"d-flex flex-column align-items-center justify-content-center rounded-circle\">\r\n                                                                                            <i class=\"ri-map-pin-fill\"><\/i>\r\n                                                                                    <\/span>\r\n                                        Our address                                    <\/h2>\r\n                                 \r\n                                <p class=\"mb-0 text-title fw-bold\">Espace loisirs Poul palud 22730 Tr\u00e9gastel<\/p>\r\n                            <\/div>\r\n                        <\/div>\r\n                    <\/div>\r\n                <\/div>\r\n            <\/div>\r\n        <\/div>\r\n        <!-- Contact Section end -->\r\n\r\n        <!-- Map area start -->\r\n                    <div class=\"comp-map pb-150\">\r\n                <iframe\r\n                    src=\"https:\/\/www.google.com\/maps\/embed?pb=!1m18!1m12!1m3!1d12654.978785984656!2d-3.5158741813535954!3d48.82458011639634!2m3!1f0!2f0!3f0!3m2!1i1024!2i768!4f13.1!3m3!1m2!1s0x48122d7e60a40199%3A0xc8bd78cb2f101287!2sPoul%20Palud%2C%2022730%20Tr%C3%A9gastel%2C%20France!5e1!3m2!1sfr!2smg!4v1768798263700!5m2!1sfr!2smg\">\r\n                <\/iframe>\r\n            <\/div>\r\n                <!-- Map area end -->\r\n\r\n        \t\t\t\t<\/div>\n\t\t\t\t<\/div>\n\t\t\t\t\t<\/div>\n\t\t<\/div>\n\t\t\t\t\t<\/div>\n\t\t<\/div>\n\t\t\t\t<\/div>\n\t\t","protected":false},"excerpt":{"rendered":"<p>CONTACT US Nom complet Email T\u00e9l\u00e9phone Message J&#039;accepte les conditions g\u00e9n\u00e9rales et la politique de confidentialit\u00e9 Envoyer Call us +33618436108 Email contact@lesvelosdelabaie.bzh Our address Espace loisirs Poul palud 22730 Tr\u00e9gastel<\/p>\n","protected":false},"author":2,"featured_media":0,"parent":0,"menu_order":0,"comment_status":"closed","ping_status":"closed","template":"","meta":{"_acf_changed":false,"_seopress_robots_primary_cat":"","_seopress_titles_title":"","_seopress_titles_desc":"","_seopress_robots_index":"","pgc_sgb_lightbox_settings":"","footnotes":""},"class_list":["post-2450","page","type-page","status-publish","hentry"],"acf":[],"_links":{"self":[{"href":"https:\/\/www.lesvelosdelabaie.bzh\/en\/wp-json\/wp\/v2\/pages\/2450","targetHints":{"allow":["GET"]}}],"collection":[{"href":"https:\/\/www.lesvelosdelabaie.bzh\/en\/wp-json\/wp\/v2\/pages"}],"about":[{"href":"https:\/\/www.lesvelosdelabaie.bzh\/en\/wp-json\/wp\/v2\/types\/page"}],"author":[{"embeddable":true,"href":"https:\/\/www.lesvelosdelabaie.bzh\/en\/wp-json\/wp\/v2\/users\/2"}],"replies":[{"embeddable":true,"href":"https:\/\/www.lesvelosdelabaie.bzh\/en\/wp-json\/wp\/v2\/comments?post=2450"}],"version-history":[{"count":2,"href":"https:\/\/www.lesvelosdelabaie.bzh\/en\/wp-json\/wp\/v2\/pages\/2450\/revisions"}],"predecessor-version":[{"id":2452,"href":"https:\/\/www.lesvelosdelabaie.bzh\/en\/wp-json\/wp\/v2\/pages\/2450\/revisions\/2452"}],"wp:attachment":[{"href":"https:\/\/www.lesvelosdelabaie.bzh\/en\/wp-json\/wp\/v2\/media?parent=2450"}],"curies":[{"name":"wp","href":"https:\/\/api.w.org\/{rel}","templated":true}]}}