{"id":2454,"date":"2026-02-05T13:38:28","date_gmt":"2026-02-05T13:38:28","guid":{"rendered":"https:\/\/www.lesvelosdelabaie.bzh\/kontakt\/"},"modified":"2026-03-21T08:41:23","modified_gmt":"2026-03-21T08:41:23","slug":"kontakt","status":"publish","type":"page","link":"https:\/\/www.lesvelosdelabaie.bzh\/de\/kontakt\/","title":{"rendered":"Kontakt"},"content":{"rendered":"\t\t<div data-elementor-type=\"wp-page\" data-elementor-id=\"2454\" class=\"elementor elementor-2454 elementor-1952\">\n\t\t\t\t\t\t<div class=\"elementor-section elementor-top-section elementor-element elementor-element-6f32c745 elementor-section-full_width elementor-section-height-default elementor-section-height-default\" data-id=\"6f32c745\" data-element_type=\"section\" data-e-type=\"section\">\n\t\t\t\t\t\t<div class=\"elementor-container elementor-column-gap-no\">\n\t\t\t\t\t<div class=\"elementor-column elementor-col-100 elementor-top-column elementor-element elementor-element-9b6897f\" data-id=\"9b6897f\" data-element_type=\"column\" data-e-type=\"column\">\n\t\t\t<div class=\"elementor-widget-wrap elementor-element-populated\">\n\t\t\t\t\t\t<div class=\"elementor-element elementor-element-2cce8120 elementor-widget elementor-widget-Eura_Contact\" data-id=\"2cce8120\" data-element_type=\"widget\" data-e-type=\"widget\" data-widget_type=\"Eura_Contact.default\">\n\t\t\t\t<div class=\"elementor-widget-container\">\n\t\t\t\t\t\r\n        <!-- Contact Section start -->\r\n        <div class=\"container ptb-150\">\r\n            <div class=\"row\">\r\n                <div class=\"col-xxl-8 col-lg-7 pe-xxl-3\">\r\n                    <div class=\"contact-box style-one\">\r\n                        <div class=\"section-title\">\r\n                                                            <h2 class=\"mb-30\">KONTAKTIERE UNS<\/h2>\r\n                                                    <\/div>\r\n                        <div class=\"contact-form\">\r\n                            \n<div class=\"wpcf7 no-js\" id=\"wpcf7-f2497-o1\" lang=\"de-DE\" dir=\"ltr\" data-wpcf7-id=\"2497\">\n<div class=\"screen-reader-response\"><p role=\"status\" aria-live=\"polite\" aria-atomic=\"true\"><\/p> <ul><\/ul><\/div>\n<form action=\"\/de\/wp-json\/wp\/v2\/pages\/2454#wpcf7-f2497-o1\" method=\"post\" class=\"wpcf7-form init\" aria-label=\"Kontaktformular\" novalidate=\"novalidate\" data-status=\"init\">\n<fieldset class=\"hidden-fields-container\"><input type=\"hidden\" name=\"_wpcf7\" value=\"2497\" \/><input type=\"hidden\" name=\"_wpcf7_version\" value=\"6.1.5\" \/><input type=\"hidden\" name=\"_wpcf7_locale\" value=\"de_DE\" \/><input type=\"hidden\" name=\"_wpcf7_unit_tag\" value=\"wpcf7-f2497-o1\" \/><input type=\"hidden\" name=\"_wpcf7_container_post\" value=\"0\" \/><input type=\"hidden\" name=\"_wpcf7_posted_data_hash\" value=\"\" \/>\n<\/fieldset>\n<div class=\"row\">\n\t<div class=\"col-md-6\">\n\t\t<div class=\"form-group\">\n\t\t\t<p><label class=\"text-title fw-medium\">Vollst\u00e4ndiger Name<\/label><br \/>\n<span class=\"wpcf7-form-control-wrap\" data-name=\"your-name\"><input size=\"40\" maxlength=\"400\" class=\"wpcf7-form-control wpcf7-text wpcf7-validates-as-required form-control\" aria-required=\"true\" aria-invalid=\"false\" placeholder=\"Dein Name\" value=\"\" type=\"text\" name=\"your-name\" \/><\/span>\n\t\t\t<\/p>\n\t\t<\/div>\n\t<\/div>\n\t<div class=\"col-md-6\">\n\t\t<div class=\"form-group\">\n\t\t\t<p><label class=\"text-title fw-medium\">E-Mail<\/label><br \/>\n<span class=\"wpcf7-form-control-wrap\" data-name=\"mail\"><input size=\"40\" maxlength=\"400\" class=\"wpcf7-form-control wpcf7-email wpcf7-validates-as-required wpcf7-text wpcf7-validates-as-email form-control\" aria-required=\"true\" aria-invalid=\"false\" placeholder=\"Deine E-Mail\" value=\"\" type=\"email\" name=\"mail\" \/><\/span>\n\t\t\t<\/p>\n\t\t<\/div>\n\t<\/div>\n\t<div class=\"col-md-6\">\n\t\t<div class=\"form-group\">\n\t\t\t<p><label class=\"text-title fw-medium\">Telefon<\/label><br \/>\n<span class=\"wpcf7-form-control-wrap\" data-name=\"number\"><input class=\"wpcf7-form-control wpcf7-number wpcf7-validates-as-required wpcf7-validates-as-number form-control\" aria-required=\"true\" aria-invalid=\"false\" placeholder=\"Deine Telefonnummer\" value=\"\" type=\"number\" name=\"number\" \/><\/span>\n\t\t\t<\/p>\n\t\t<\/div>\n\t<\/div>\n\t<div class=\"col-lg-12\">\n\t\t<div class=\"form-group\">\n\t\t\t<p><label class=\"text-title fw-medium\">Nachricht<\/label><br \/>\n<span class=\"wpcf7-form-control-wrap\" data-name=\"messages\"><textarea cols=\"40\" rows=\"10\" maxlength=\"2000\" class=\"wpcf7-form-control wpcf7-textarea wpcf7-validates-as-required form-control\" aria-required=\"true\" aria-invalid=\"false\" placeholder=\"Ich suche ...\" name=\"messages\"><\/textarea><\/span>\n\t\t\t<\/p>\n\t\t<\/div>\n\t<\/div>\n\t<div class=\"col-md-12\">\n\t\t<div class=\"form-group inputbox\">\n\t\t\t<p><span class=\"wpcf7-form-control-wrap\" data-name=\"check\"><span class=\"wpcf7-form-control wpcf7-checkbox wpcf7-validates-as-required form-check-input\"><span class=\"wpcf7-list-item first last\"><label><input type=\"checkbox\" name=\"check[]\" value=\"Ich akzeptiere die Allgemeinen Gesch\u00e4ftsbedingungen und die Datenschutzbestimmungen\" \/><span class=\"wpcf7-list-item-label\">Ich akzeptiere die Allgemeinen Gesch\u00e4ftsbedingungen und die Datenschutzbestimmungen<\/span><\/label><\/span><\/span><\/span>\n\t\t\t<\/p>\n\t\t<\/div>\n\t<\/div>\n\t<div class=\"col-md-12\">\n\t\t<p><button class=\"btn style-one\" type=\"submit\">Senden<i class=\"ri-arrow-right-line\"><\/i><\/button>\n\t\t<\/p>\n\t<\/div>\n<\/div><div class=\"wpcf7-response-output\" aria-hidden=\"true\"><\/div>\n<\/form>\n<\/div>\n                        <\/div>\r\n                    <\/div>\r\n                <\/div>\r\n                <div class=\"col-xxl-4 col-lg-5\">\r\n                    <div class=\"contact-info-wrap\">\r\n                        <div class=\"section-title mb-30\">\r\n                                                                                <\/div>\r\n                        <div class=\"contact-item-wrap\">\r\n                            <div class=\"contact-item\">\r\n                                                                    <h2>\r\n                                        <span class=\"d-flex flex-column align-items-center justify-content-center rounded-circle\">\r\n                                                                                            <i class=\"ri-phone-fill\"><\/i>\r\n                                             \r\n                                        <\/span>\r\n                                        Ruf uns an                                    <\/h2>\r\n                                 \r\n                                <ul class=\"list-unstyle\">\r\n                                    <li class=\"position-relative fw-bold\"><a href=\"tel:+33618436108\">+33618436108<\/a><\/li>\r\n                                    <li class=\"position-relative fw-bold\"><a href=\"tel:\"><\/a><\/li>\r\n                                <\/ul>\r\n                            <\/div>\r\n                            <div class=\"contact-item\">\r\n                                                                    <h2>\r\n                                        <span class=\"d-flex flex-column align-items-center justify-content-center rounded-circle\">\r\n                                                                                            <i class=\"ri-message-2-fill\"><\/i>\r\n                                                                                    <\/span>\r\n                                        E-Mail                                    <\/h2>\r\n                                 \r\n                                <ul class=\"list-unstyle\">\r\n                                    <li class=\"position-relative fw-bold\"><a href=\"mailto:contact@lesvelosdelabaie.bzh\">contact@lesvelosdelabaie.bzh<\/a><\/li>\r\n                                    <li class=\"position-relative fw-bold\"><a href=\"mailto:\"><\/a><\/li>\r\n                                <\/ul>\r\n                            <\/div>\r\n                            <div class=\"contact-item\">\r\n                                                                    <h2>\r\n                                        <span class=\"d-flex flex-column align-items-center justify-content-center rounded-circle\">\r\n                                                                                            <i class=\"ri-map-pin-fill\"><\/i>\r\n                                                                                    <\/span>\r\n                                        Unsere Adresse                                    <\/h2>\r\n                                 \r\n                                <p class=\"mb-0 text-title fw-bold\">Espace loisirs Poul palud 22730 Tr\u00e9gastel<\/p>\r\n                            <\/div>\r\n                        <\/div>\r\n                    <\/div>\r\n                <\/div>\r\n            <\/div>\r\n        <\/div>\r\n        <!-- Contact Section end -->\r\n\r\n        <!-- Map area start -->\r\n                    <div class=\"comp-map pb-150\">\r\n                <iframe\r\n                    src=\"https:\/\/www.google.com\/maps\/embed?pb=!1m14!1m8!1m3!1d404962.4815811318!2d-3.498622!3d48.824189!3m2!1i1024!2i768!4f13.1!3m3!1m2!1s0x48122d68201b5d53%3A0x9686b28fe5d9c497!2sles%20v%C3%A9los%20de%20la%20baie%20%2F%20location%20et%20randonn%C3%A9e!5e1!3m2!1sen!2sus!4v1773893968122!5m2!1sen!2sus\">\r\n                <\/iframe>\r\n            <\/div>\r\n                <!-- Map area end -->\r\n\r\n        \t\t\t\t<\/div>\n\t\t\t\t<\/div>\n\t\t\t\t\t<\/div>\n\t\t<\/div>\n\t\t\t\t\t<\/div>\n\t\t<\/div>\n\t\t\t\t<\/div>\n\t\t","protected":false},"excerpt":{"rendered":"<p>KONTAKTIERE UNS Nom complet Email T\u00e9l\u00e9phone Message J&#039;accepte les conditions g\u00e9n\u00e9rales et la politique de confidentialit\u00e9 Envoyer Ruf uns an +33618436108 E-Mail contact@lesvelosdelabaie.bzh Unsere Adresse Espace loisirs Poul palud 22730 Tr\u00e9gastel<\/p>\n","protected":false},"author":2,"featured_media":0,"parent":0,"menu_order":0,"comment_status":"closed","ping_status":"closed","template":"","meta":{"_acf_changed":false,"_seopress_robots_primary_cat":"","_seopress_titles_title":"","_seopress_titles_desc":"","_seopress_robots_index":"","pgc_sgb_lightbox_settings":"","footnotes":""},"class_list":["post-2454","page","type-page","status-publish","hentry"],"acf":[],"_links":{"self":[{"href":"https:\/\/www.lesvelosdelabaie.bzh\/de\/wp-json\/wp\/v2\/pages\/2454","targetHints":{"allow":["GET"]}}],"collection":[{"href":"https:\/\/www.lesvelosdelabaie.bzh\/de\/wp-json\/wp\/v2\/pages"}],"about":[{"href":"https:\/\/www.lesvelosdelabaie.bzh\/de\/wp-json\/wp\/v2\/types\/page"}],"author":[{"embeddable":true,"href":"https:\/\/www.lesvelosdelabaie.bzh\/de\/wp-json\/wp\/v2\/users\/2"}],"replies":[{"embeddable":true,"href":"https:\/\/www.lesvelosdelabaie.bzh\/de\/wp-json\/wp\/v2\/comments?post=2454"}],"version-history":[{"count":7,"href":"https:\/\/www.lesvelosdelabaie.bzh\/de\/wp-json\/wp\/v2\/pages\/2454\/revisions"}],"predecessor-version":[{"id":3363,"href":"https:\/\/www.lesvelosdelabaie.bzh\/de\/wp-json\/wp\/v2\/pages\/2454\/revisions\/3363"}],"wp:attachment":[{"href":"https:\/\/www.lesvelosdelabaie.bzh\/de\/wp-json\/wp\/v2\/media?parent=2454"}],"curies":[{"name":"wp","href":"https:\/\/api.w.org\/{rel}","templated":true}]}}